{"id":9,"date":"2025-02-10T17:37:33","date_gmt":"2025-02-10T17:37:33","guid":{"rendered":"https:\/\/tecuiconstructora.mx\/?page_id=9"},"modified":"2025-09-04T16:06:03","modified_gmt":"2025-09-04T16:06:03","slug":"home","status":"publish","type":"page","link":"https:\/\/tecuiconstructora.mx\/","title":{"rendered":"Home"},"content":{"rendered":"\t\t<div data-elementor-type=\"wp-page\" data-elementor-id=\"9\" class=\"elementor elementor-9\" data-elementor-post-type=\"page\">\n\t\t\t\t<div class=\"elementor-element elementor-element-52bfc41 e-con-full e-flex e-con e-parent\" data-id=\"52bfc41\" data-element_type=\"container\" data-settings=\"{&quot;background_background&quot;:&quot;classic&quot;}\">\n\t\t<div class=\"elementor-element elementor-element-f1cee0b e-con-full e-flex e-con e-child\" data-id=\"f1cee0b\" data-element_type=\"container\">\n\t\t\t\t<div class=\"elementor-element elementor-element-27dd6c35 elementor-widget elementor-widget-image\" data-id=\"27dd6c35\" data-element_type=\"widget\" data-widget_type=\"image.default\">\n\t\t\t\t<div class=\"elementor-widget-container\">\n\t\t\t\t\t\t\t\t\t\t\t\t\t<img fetchpriority=\"high\" decoding=\"async\" width=\"800\" height=\"534\" src=\"https:\/\/tecuiconstructora.mx\/wp-content\/uploads\/2025\/02\/two-business-builder-people-at-construction-site-2024-12-08-01-53-42-utc-1024x683.jpg\" class=\"attachment-large size-large wp-image-36\" alt=\"\" srcset=\"https:\/\/tecuiconstructora.mx\/wp-content\/uploads\/2025\/02\/two-business-builder-people-at-construction-site-2024-12-08-01-53-42-utc-1024x683.jpg 1024w, https:\/\/tecuiconstructora.mx\/wp-content\/uploads\/2025\/02\/two-business-builder-people-at-construction-site-2024-12-08-01-53-42-utc-300x200.jpg 300w, https:\/\/tecuiconstructora.mx\/wp-content\/uploads\/2025\/02\/two-business-builder-people-at-construction-site-2024-12-08-01-53-42-utc-768x513.jpg 768w, https:\/\/tecuiconstructora.mx\/wp-content\/uploads\/2025\/02\/two-business-builder-people-at-construction-site-2024-12-08-01-53-42-utc-1536x1025.jpg 1536w, https:\/\/tecuiconstructora.mx\/wp-content\/uploads\/2025\/02\/two-business-builder-people-at-construction-site-2024-12-08-01-53-42-utc-2048x1367.jpg 2048w\" sizes=\"(max-width: 800px) 100vw, 800px\" \/>\t\t\t\t\t\t\t\t\t\t\t\t\t<\/div>\n\t\t\t\t<\/div>\n\t\t\t\t<\/div>\n\t\t<div class=\"elementor-element elementor-element-11dc0fdb e-con-full e-flex e-con e-child\" data-id=\"11dc0fdb\" data-element_type=\"container\">\n\t\t\t\t<div class=\"elementor-element elementor-element-6c225953 elementor-widget elementor-widget-heading\" data-id=\"6c225953\" data-element_type=\"widget\" data-widget_type=\"heading.default\">\n\t\t\t\t<div class=\"elementor-widget-container\">\n\t\t\t<h1 class=\"elementor-heading-title elementor-size-default\">\u00bfQui\u00e9nes Somos?\n<\/h1>\t\t<\/div>\n\t\t\t\t<\/div>\n\t\t\t\t<div class=\"elementor-element elementor-element-4b8ff59b elementor-widget elementor-widget-text-editor\" data-id=\"4b8ff59b\" data-element_type=\"widget\" data-widget_type=\"text-editor.default\">\n\t\t\t\t<div class=\"elementor-widget-container\">\n\t\t\t\t\t\t\t<p>En TECUI, somos una empresa especializada en construcci\u00f3n, dise\u00f1o y desarrollo de proyectos arquitect\u00f3nicos. Contamos con un equipo de expertos en ingenier\u00eda y arquitectura que garantiza obras de alta calidad, seguridad y funcionalidad.<\/p>\t\t\t\t\t\t<\/div>\n\t\t\t\t<\/div>\n\t\t\t\t<\/div>\n\t\t\t\t<\/div>\n\t\t<div class=\"elementor-element elementor-element-10d8f6bf e-con-full e-flex e-con e-parent\" data-id=\"10d8f6bf\" data-element_type=\"container\" data-settings=\"{&quot;background_background&quot;:&quot;classic&quot;}\">\n\t\t<div class=\"elementor-element elementor-element-252b881c e-con-full e-flex e-con e-child\" data-id=\"252b881c\" data-element_type=\"container\">\n\t\t\t\t<div class=\"elementor-element elementor-element-7295c750 elementor-widget elementor-widget-heading\" data-id=\"7295c750\" data-element_type=\"widget\" data-widget_type=\"heading.default\">\n\t\t\t\t<div class=\"elementor-widget-container\">\n\t\t\t<h2 class=\"elementor-heading-title elementor-size-default\">Construcci\u00f3n de Obras Civiles y Comerciales<\/h2>\t\t<\/div>\n\t\t\t\t<\/div>\n\t\t\t\t<div class=\"elementor-element elementor-element-175d395d elementor-widget elementor-widget-text-editor\" data-id=\"175d395d\" data-element_type=\"widget\" data-widget_type=\"text-editor.default\">\n\t\t\t\t<div class=\"elementor-widget-container\">\n\t\t\t\t\t\t\t<p>Ejecutamos proyectos de construcci\u00f3n para viviendas, oficinas, naves industriales y todo tipo de infraestructura con acabados de primera calidad.<\/p>\t\t\t\t\t\t<\/div>\n\t\t\t\t<\/div>\n\t\t\t\t<\/div>\n\t\t<div class=\"elementor-element elementor-element-106b8ef7 e-con-full e-flex e-con e-child\" data-id=\"106b8ef7\" data-element_type=\"container\">\n\t\t\t\t<div class=\"elementor-element elementor-element-fcc74d3 elementor-widget elementor-widget-image\" data-id=\"fcc74d3\" data-element_type=\"widget\" data-widget_type=\"image.default\">\n\t\t\t\t<div class=\"elementor-widget-container\">\n\t\t\t\t\t\t\t\t\t\t\t\t\t<img decoding=\"async\" width=\"800\" height=\"534\" src=\"https:\/\/tecuiconstructora.mx\/wp-content\/uploads\/2025\/02\/builder-with-paving-blocks-outdoors-2023-11-27-04-56-22-utc-1024x683.jpg\" class=\"attachment-large size-large wp-image-39\" alt=\"\" srcset=\"https:\/\/tecuiconstructora.mx\/wp-content\/uploads\/2025\/02\/builder-with-paving-blocks-outdoors-2023-11-27-04-56-22-utc-1024x683.jpg 1024w, https:\/\/tecuiconstructora.mx\/wp-content\/uploads\/2025\/02\/builder-with-paving-blocks-outdoors-2023-11-27-04-56-22-utc-300x200.jpg 300w, https:\/\/tecuiconstructora.mx\/wp-content\/uploads\/2025\/02\/builder-with-paving-blocks-outdoors-2023-11-27-04-56-22-utc-768x513.jpg 768w, https:\/\/tecuiconstructora.mx\/wp-content\/uploads\/2025\/02\/builder-with-paving-blocks-outdoors-2023-11-27-04-56-22-utc-1536x1025.jpg 1536w, https:\/\/tecuiconstructora.mx\/wp-content\/uploads\/2025\/02\/builder-with-paving-blocks-outdoors-2023-11-27-04-56-22-utc-2048x1367.jpg 2048w\" sizes=\"(max-width: 800px) 100vw, 800px\" \/>\t\t\t\t\t\t\t\t\t\t\t\t\t<\/div>\n\t\t\t\t<\/div>\n\t\t\t\t<\/div>\n\t\t\t\t<\/div>\n\t\t<div class=\"elementor-element elementor-element-4ac2061f e-con-full e-flex e-con e-parent\" data-id=\"4ac2061f\" data-element_type=\"container\" data-settings=\"{&quot;background_background&quot;:&quot;classic&quot;}\">\n\t\t<div class=\"elementor-element elementor-element-e1c534c e-con-full e-flex e-con e-child\" data-id=\"e1c534c\" data-element_type=\"container\">\n\t\t\t\t<div class=\"elementor-element elementor-element-de3182f elementor-widget elementor-widget-heading\" data-id=\"de3182f\" data-element_type=\"widget\" data-widget_type=\"heading.default\">\n\t\t\t\t<div class=\"elementor-widget-container\">\n\t\t\t<h2 class=\"elementor-heading-title elementor-size-default\">Dise\u00f1o y Desarrollo Arquitect\u00f3nico<\/h2>\t\t<\/div>\n\t\t\t\t<\/div>\n\t\t\t\t<div class=\"elementor-element elementor-element-66688501 elementor-widget elementor-widget-text-editor\" data-id=\"66688501\" data-element_type=\"widget\" data-widget_type=\"text-editor.default\">\n\t\t\t\t<div class=\"elementor-widget-container\">\n\t\t\t\t\t\t\t<p>Transformamos ideas en planos y renders con soluciones innovadoras, eficientes y sostenibles para cada proyecto.<\/p>\t\t\t\t\t\t<\/div>\n\t\t\t\t<\/div>\n\t\t\t\t<\/div>\n\t\t<div class=\"elementor-element elementor-element-3f5d4dbd e-con-full e-flex e-con e-child\" data-id=\"3f5d4dbd\" data-element_type=\"container\">\n\t\t\t\t<div class=\"elementor-element elementor-element-38d998b7 elementor-widget elementor-widget-image\" data-id=\"38d998b7\" data-element_type=\"widget\" data-widget_type=\"image.default\">\n\t\t\t\t<div class=\"elementor-widget-container\">\n\t\t\t\t\t\t\t\t\t\t\t\t\t<img decoding=\"async\" width=\"800\" height=\"534\" src=\"https:\/\/tecuiconstructora.mx\/wp-content\/uploads\/2025\/02\/builder-at-the-construction-site-2023-11-27-05-00-03-utc-1024x683.jpg\" class=\"attachment-large size-large wp-image-40\" alt=\"\" srcset=\"https:\/\/tecuiconstructora.mx\/wp-content\/uploads\/2025\/02\/builder-at-the-construction-site-2023-11-27-05-00-03-utc-1024x683.jpg 1024w, https:\/\/tecuiconstructora.mx\/wp-content\/uploads\/2025\/02\/builder-at-the-construction-site-2023-11-27-05-00-03-utc-300x200.jpg 300w, https:\/\/tecuiconstructora.mx\/wp-content\/uploads\/2025\/02\/builder-at-the-construction-site-2023-11-27-05-00-03-utc-768x513.jpg 768w, https:\/\/tecuiconstructora.mx\/wp-content\/uploads\/2025\/02\/builder-at-the-construction-site-2023-11-27-05-00-03-utc-1536x1025.jpg 1536w, https:\/\/tecuiconstructora.mx\/wp-content\/uploads\/2025\/02\/builder-at-the-construction-site-2023-11-27-05-00-03-utc-2048x1367.jpg 2048w\" sizes=\"(max-width: 800px) 100vw, 800px\" \/>\t\t\t\t\t\t\t\t\t\t\t\t\t<\/div>\n\t\t\t\t<\/div>\n\t\t\t\t<\/div>\n\t\t\t\t<\/div>\n\t\t<div class=\"elementor-element elementor-element-2fb36a2c e-con-full e-flex e-con e-parent\" data-id=\"2fb36a2c\" data-element_type=\"container\" data-settings=\"{&quot;background_background&quot;:&quot;classic&quot;}\">\n\t\t<div class=\"elementor-element elementor-element-c69b8f8 e-con-full e-flex e-con e-child\" data-id=\"c69b8f8\" data-element_type=\"container\">\n\t\t\t\t<div class=\"elementor-element elementor-element-3b3b7cf elementor-widget elementor-widget-heading\" data-id=\"3b3b7cf\" data-element_type=\"widget\" data-widget_type=\"heading.default\">\n\t\t\t\t<div class=\"elementor-widget-container\">\n\t\t\t<h2 class=\"elementor-heading-title elementor-size-default\">3. Remodelaciones y Mantenimiento\n<\/h2>\t\t<\/div>\n\t\t\t\t<\/div>\n\t\t\t\t<div class=\"elementor-element elementor-element-2a13dd02 elementor-widget elementor-widget-text-editor\" data-id=\"2a13dd02\" data-element_type=\"widget\" data-widget_type=\"text-editor.default\">\n\t\t\t\t<div class=\"elementor-widget-container\">\n\t\t\t\t\t\t\t<p>Renovamos y mejoramos espacios con trabajos de remodelaci\u00f3n, ampliaci\u00f3n y mantenimiento para garantizar estructuras modernas y funcionales.<\/p>\t\t\t\t\t\t<\/div>\n\t\t\t\t<\/div>\n\t\t\t\t<\/div>\n\t\t<div class=\"elementor-element elementor-element-688feef5 e-con-full e-flex e-con e-child\" data-id=\"688feef5\" data-element_type=\"container\">\n\t\t\t\t<div class=\"elementor-element elementor-element-34a6e920 elementor-widget elementor-widget-image\" data-id=\"34a6e920\" data-element_type=\"widget\" data-widget_type=\"image.default\">\n\t\t\t\t<div class=\"elementor-widget-container\">\n\t\t\t\t\t\t\t\t\t\t\t\t\t<img loading=\"lazy\" decoding=\"async\" width=\"683\" height=\"1024\" src=\"https:\/\/tecuiconstructora.mx\/wp-content\/uploads\/2025\/02\/builders-on-scaffolding-2023-11-27-05-15-42-utc-683x1024.jpg\" class=\"attachment-large size-large wp-image-41\" alt=\"\" srcset=\"https:\/\/tecuiconstructora.mx\/wp-content\/uploads\/2025\/02\/builders-on-scaffolding-2023-11-27-05-15-42-utc-683x1024.jpg 683w, https:\/\/tecuiconstructora.mx\/wp-content\/uploads\/2025\/02\/builders-on-scaffolding-2023-11-27-05-15-42-utc-200x300.jpg 200w, https:\/\/tecuiconstructora.mx\/wp-content\/uploads\/2025\/02\/builders-on-scaffolding-2023-11-27-05-15-42-utc-768x1152.jpg 768w, https:\/\/tecuiconstructora.mx\/wp-content\/uploads\/2025\/02\/builders-on-scaffolding-2023-11-27-05-15-42-utc-1024x1536.jpg 1024w, https:\/\/tecuiconstructora.mx\/wp-content\/uploads\/2025\/02\/builders-on-scaffolding-2023-11-27-05-15-42-utc-1365x2048.jpg 1365w, https:\/\/tecuiconstructora.mx\/wp-content\/uploads\/2025\/02\/builders-on-scaffolding-2023-11-27-05-15-42-utc-scaled.jpg 1707w\" sizes=\"(max-width: 683px) 100vw, 683px\" \/>\t\t\t\t\t\t\t\t\t\t\t\t\t<\/div>\n\t\t\t\t<\/div>\n\t\t\t\t<\/div>\n\t\t\t\t<\/div>\n\t\t<div class=\"elementor-element elementor-element-78abd8de e-flex e-con-boxed e-con e-parent\" data-id=\"78abd8de\" data-element_type=\"container\" data-settings=\"{&quot;background_background&quot;:&quot;classic&quot;}\">\n\t\t\t\t\t<div class=\"e-con-inner\">\n\t\t\t\t<div class=\"elementor-element elementor-element-d37450f elementor-widget elementor-widget-testimonial\" data-id=\"d37450f\" data-element_type=\"widget\" data-widget_type=\"testimonial.default\">\n\t\t\t\t<div class=\"elementor-widget-container\">\n\t\t\t\t\t<div class=\"elementor-testimonial-wrapper\">\n\t\t\t\t\t\t\t<div class=\"elementor-testimonial-content\">\u201cConstruyeron nuestra casa exactamente como la imaginamos. Calidad, seriedad y cumplimiento en cada etapa del proyecto.\u201d<\/div>\n\t\t\t\n\t\t\t\t\t\t<div class=\"elementor-testimonial-meta elementor-has-image elementor-testimonial-image-position-aside\">\n\t\t\t\t<div class=\"elementor-testimonial-meta-inner\">\n\t\t\t\t\t\t\t\t\t\t\t<div class=\"elementor-testimonial-image\">\n\t\t\t\t\t\t\t<img decoding=\"async\" src=\"https:\/\/tecuiconstructora.mx\/wp-content\/plugins\/elementor\/assets\/images\/placeholder.png\" title=\"\" alt=\"\" loading=\"lazy\" \/>\t\t\t\t\t\t<\/div>\n\t\t\t\t\t\n\t\t\t\t\t\t\t\t\t\t<div class=\"elementor-testimonial-details\">\n\t\t\t\t\t\t\t\t\t\t\t\t\t\t<div class=\"elementor-testimonial-name\">\u2014 Mar\u00eda R<\/div>\n\t\t\t\t\t\t\t\t\t\t\t\t\t\t\t\t\t\t\t\t\t\t<div class=\"elementor-testimonial-job\">Cliente Residencial<\/div>\n\t\t\t\t\t\t\t\t\t\t\t\t\t<\/div>\n\t\t\t\t\t\t\t\t\t<\/div>\n\t\t\t<\/div>\n\t\t\t\t\t<\/div>\n\t\t\t\t<\/div>\n\t\t\t\t<\/div>\n\t\t\t\t<div class=\"elementor-element elementor-element-199b943 elementor-widget elementor-widget-testimonial\" data-id=\"199b943\" data-element_type=\"widget\" data-widget_type=\"testimonial.default\">\n\t\t\t\t<div class=\"elementor-widget-container\">\n\t\t\t\t\t<div class=\"elementor-testimonial-wrapper\">\n\t\t\t\t\t\t\t<div class=\"elementor-testimonial-content\">\u201cSu equipo de arquitectos y constructores es excepcional. Cumplieron con los plazos y nos asesoraron en cada detalle.\u201d<\/div>\n\t\t\t\n\t\t\t\t\t\t<div class=\"elementor-testimonial-meta elementor-has-image elementor-testimonial-image-position-aside\">\n\t\t\t\t<div class=\"elementor-testimonial-meta-inner\">\n\t\t\t\t\t\t\t\t\t\t\t<div class=\"elementor-testimonial-image\">\n\t\t\t\t\t\t\t<img decoding=\"async\" src=\"https:\/\/tecuiconstructora.mx\/wp-content\/plugins\/elementor\/assets\/images\/placeholder.png\" title=\"\" alt=\"\" loading=\"lazy\" \/>\t\t\t\t\t\t<\/div>\n\t\t\t\t\t\n\t\t\t\t\t\t\t\t\t\t<div class=\"elementor-testimonial-details\">\n\t\t\t\t\t\t\t\t\t\t\t\t\t\t<div class=\"elementor-testimonial-name\">\u2014 Alejandro G.<\/div>\n\t\t\t\t\t\t\t\t\t\t\t\t\t\t\t\t\t\t\t\t\t\t<div class=\"elementor-testimonial-job\">Empresario<\/div>\n\t\t\t\t\t\t\t\t\t\t\t\t\t<\/div>\n\t\t\t\t\t\t\t\t\t<\/div>\n\t\t\t<\/div>\n\t\t\t\t\t<\/div>\n\t\t\t\t<\/div>\n\t\t\t\t<\/div>\n\t\t\t\t<div class=\"elementor-element elementor-element-9caa800 elementor-widget elementor-widget-testimonial\" data-id=\"9caa800\" data-element_type=\"widget\" data-widget_type=\"testimonial.default\">\n\t\t\t\t<div class=\"elementor-widget-container\">\n\t\t\t\t\t<div class=\"elementor-testimonial-wrapper\">\n\t\t\t\t\t\t\t<div class=\"elementor-testimonial-content\">\u201cLa remodelaci\u00f3n de nuestras oficinas fue un \u00e9xito. Ahora tenemos un espacio moderno, eficiente y con un dise\u00f1o espectacular.\u201d<\/div>\n\t\t\t\n\t\t\t\t\t\t<div class=\"elementor-testimonial-meta elementor-has-image elementor-testimonial-image-position-aside\">\n\t\t\t\t<div class=\"elementor-testimonial-meta-inner\">\n\t\t\t\t\t\t\t\t\t\t\t<div class=\"elementor-testimonial-image\">\n\t\t\t\t\t\t\t<img decoding=\"async\" src=\"https:\/\/tecuiconstructora.mx\/wp-content\/plugins\/elementor\/assets\/images\/placeholder.png\" title=\"\" alt=\"\" loading=\"lazy\" \/>\t\t\t\t\t\t<\/div>\n\t\t\t\t\t\n\t\t\t\t\t\t\t\t\t\t<div class=\"elementor-testimonial-details\">\n\t\t\t\t\t\t\t\t\t\t\t\t\t\t<div class=\"elementor-testimonial-name\">\u2014 Paola M.<\/div>\n\t\t\t\t\t\t\t\t\t\t\t\t\t\t\t\t\t\t\t\t\t\t<div class=\"elementor-testimonial-job\">Gerente de Proyectos<\/div>\n\t\t\t\t\t\t\t\t\t\t\t\t\t<\/div>\n\t\t\t\t\t\t\t\t\t<\/div>\n\t\t\t<\/div>\n\t\t\t\t\t<\/div>\n\t\t\t\t<\/div>\n\t\t\t\t<\/div>\n\t\t\t\t\t<\/div>\n\t\t\t\t<\/div>\n\t\t<div class=\"elementor-element elementor-element-06d1785 e-flex e-con-boxed e-con e-parent\" data-id=\"06d1785\" data-element_type=\"container\" id=\"footer\">\n\t\t\t\t\t<div class=\"e-con-inner\">\n\t\t<div class=\"elementor-element elementor-element-11d093c e-con-full e-flex e-con e-child\" data-id=\"11d093c\" data-element_type=\"container\">\n\t\t\t\t<div class=\"elementor-element elementor-element-f95a27e elementor-widget elementor-widget-image\" data-id=\"f95a27e\" data-element_type=\"widget\" data-widget_type=\"image.default\">\n\t\t\t\t<div class=\"elementor-widget-container\">\n\t\t\t\t\t\t\t\t\t\t\t\t\t<img loading=\"lazy\" decoding=\"async\" width=\"800\" height=\"419\" src=\"https:\/\/tecuiconstructora.mx\/wp-content\/uploads\/2025\/02\/tecui-1024x536.png\" class=\"attachment-large size-large wp-image-45\" alt=\"\" srcset=\"https:\/\/tecuiconstructora.mx\/wp-content\/uploads\/2025\/02\/tecui-1024x536.png 1024w, https:\/\/tecuiconstructora.mx\/wp-content\/uploads\/2025\/02\/tecui-300x157.png 300w, https:\/\/tecuiconstructora.mx\/wp-content\/uploads\/2025\/02\/tecui-768x402.png 768w, https:\/\/tecuiconstructora.mx\/wp-content\/uploads\/2025\/02\/tecui.png 1280w\" sizes=\"(max-width: 800px) 100vw, 800px\" \/>\t\t\t\t\t\t\t\t\t\t\t\t\t<\/div>\n\t\t\t\t<\/div>\n\t\t\t\t<\/div>\n\t\t<div class=\"elementor-element elementor-element-9c311f1 e-con-full e-flex e-con e-child\" data-id=\"9c311f1\" data-element_type=\"container\">\n\t\t\t\t<div class=\"elementor-element elementor-element-7fe815d elementor-widget elementor-widget-heading\" data-id=\"7fe815d\" data-element_type=\"widget\" data-widget_type=\"heading.default\">\n\t\t\t\t<div class=\"elementor-widget-container\">\n\t\t\t<h2 class=\"elementor-heading-title elementor-size-default\">CONT\u00c1CTANOS<\/h2>\t\t<\/div>\n\t\t\t\t<\/div>\n\t\t\t\t<div class=\"elementor-element elementor-element-4900a3f elementor-widget elementor-widget-text-editor\" data-id=\"4900a3f\" data-element_type=\"widget\" data-widget_type=\"text-editor.default\">\n\t\t\t\t<div class=\"elementor-widget-container\">\n\t\t\t\t\t\t\t<p>Email: hola@tecuiconstructora.mx<\/p><p>Tel\u00e9fono: 55 3092 7653<\/p><p>Manuel Gutierrez N\u00e1jera 172 Dep 203<\/p>\t\t\t\t\t\t<\/div>\n\t\t\t\t<\/div>\n\t\t\t\t<\/div>\n\t\t<div class=\"elementor-element elementor-element-c30cf89 e-con-full e-flex e-con e-child\" data-id=\"c30cf89\" data-element_type=\"container\">\n\t\t\t\t<div class=\"elementor-element elementor-element-f546cb4 elementor-widget elementor-widget-google_maps\" data-id=\"f546cb4\" data-element_type=\"widget\" data-widget_type=\"google_maps.default\">\n\t\t\t\t<div class=\"elementor-widget-container\">\n\t\t\t\t\t<div class=\"elementor-custom-embed\">\n\t\t\t<iframe loading=\"lazy\"\n\t\t\t\t\tsrc=\"https:\/\/maps.google.com\/maps?q=Manuel%20Gutierrez%20N%C3%A1jera%20172%20Dep%20203&#038;t=m&#038;z=15&#038;output=embed&#038;iwloc=near\"\n\t\t\t\t\ttitle=\"Manuel Gutierrez N\u00e1jera 172 Dep 203\"\n\t\t\t\t\taria-label=\"Manuel Gutierrez N\u00e1jera 172 Dep 203\"\n\t\t\t><\/iframe>\n\t\t<\/div>\n\t\t\t\t<\/div>\n\t\t\t\t<\/div>\n\t\t\t\t<\/div>\n\t\t\t\t\t<\/div>\n\t\t\t\t<\/div>\n\t\t<div class=\"elementor-element elementor-element-60b06f0f e-flex e-con-boxed e-con e-parent\" data-id=\"60b06f0f\" data-element_type=\"container\" data-settings=\"{&quot;background_background&quot;:&quot;classic&quot;}\">\n\t\t\t\t\t<div class=\"e-con-inner\">\n\t\t\t\t<div class=\"elementor-element elementor-element-58d642b1 elementor-widget elementor-widget-heading\" data-id=\"58d642b1\" data-element_type=\"widget\" data-widget_type=\"heading.default\">\n\t\t\t\t<div class=\"elementor-widget-container\">\n\t\t\t<p class=\"elementor-heading-title elementor-size-default\">\u00a9 2025 All Rights Reserved.<\/p>\t\t<\/div>\n\t\t\t\t<\/div>\n\t\t\t\t\t<\/div>\n\t\t\t\t<\/div>\n\t\t\t\t<\/div>\n\t\t","protected":false},"excerpt":{"rendered":"<p>\u00bfQui\u00e9nes Somos? En TECUI, somos una empresa especializada en construcci\u00f3n, dise\u00f1o y desarrollo de proyectos arquitect\u00f3nicos. Contamos con un equipo de expertos en ingenier\u00eda y arquitectura que garantiza obras de alta calidad, seguridad y funcionalidad. Construcci\u00f3n de Obras Civiles y Comerciales Ejecutamos proyectos de construcci\u00f3n para viviendas, oficinas, naves industriales y todo tipo de infraestructura [&hellip;]<\/p>\n","protected":false},"author":1,"featured_media":0,"parent":0,"menu_order":0,"comment_status":"closed","ping_status":"closed","template":"","meta":{"footnotes":""},"class_list":["post-9","page","type-page","status-publish","hentry"],"_links":{"self":[{"href":"https:\/\/tecuiconstructora.mx\/index.php?rest_route=\/wp\/v2\/pages\/9","targetHints":{"allow":["GET"]}}],"collection":[{"href":"https:\/\/tecuiconstructora.mx\/index.php?rest_route=\/wp\/v2\/pages"}],"about":[{"href":"https:\/\/tecuiconstructora.mx\/index.php?rest_route=\/wp\/v2\/types\/page"}],"author":[{"embeddable":true,"href":"https:\/\/tecuiconstructora.mx\/index.php?rest_route=\/wp\/v2\/users\/1"}],"replies":[{"embeddable":true,"href":"https:\/\/tecuiconstructora.mx\/index.php?rest_route=%2Fwp%2Fv2%2Fcomments&post=9"}],"version-history":[{"count":35,"href":"https:\/\/tecuiconstructora.mx\/index.php?rest_route=\/wp\/v2\/pages\/9\/revisions"}],"predecessor-version":[{"id":0,"href":"https:\/\/tecuiconstructora.mx\/index.php?rest_route=\/wp\/v2\/pages\/9\/revisions\/0"}],"wp:attachment":[{"href":"https:\/\/tecuiconstructora.mx\/index.php?rest_route=%2Fwp%2Fv2%2Fmedia&parent=9"}],"curies":[{"name":"wp","href":"https:\/\/api.w.org\/{rel}","templated":true}]}}